{"id":21679,"date":"2019-09-12T14:44:21","date_gmt":"2019-09-12T12:44:21","guid":{"rendered":"https:\/\/vazcollections.si\/splosni-pogoji\/"},"modified":"2023-08-24T11:06:04","modified_gmt":"2023-08-24T09:06:04","slug":"terms-and-conditions","status":"publish","type":"page","link":"https:\/\/vazcollections.si\/en\/terms-and-conditions\/","title":{"rendered":"Terms and Conditions"},"content":{"rendered":"<p>SPLO\u0160NI POGOJI UPORABE SPLETNEGA MESTA VAZ<\/p>\n<p>Splo\u0161ni pogoji uporabe spletnega mesta VAZ so v fazi vzpostavljanja, zato so trenutno objavljeni za\u010dasni pogoji.<\/p>\n<p>Upravljalec spletnega mesta VAZ je Oddelek za azijske \u0161tudije na Filozofski fakulteti Univerze v Ljubljani, dosegljiv na <a href=\"mailto:info@vazcollections.si\">info@vazcollections.si<\/a>.<span class=\"Apple-converted-space\">\u00a0<\/span><\/p>\n<ol>\n<li style=\"list-style-type: none;\">\n<ol>\n<li><strong>SPLETNO MESTO\u00a0<\/strong><\/li>\n<\/ol>\n<\/li>\n<\/ol>\n<p>Ti pogoji uporabe so enotni za uporabo celotnega spletnega mesta.<\/p>\n<ol start=\"0\">\n<li style=\"list-style-type: none;\">\n<ol start=\"2\">\n<li><strong>STANDARDNI POGOJI UPORABE<\/strong><\/li>\n<\/ol>\n<\/li>\n<\/ol>\n<p>Prosimo, da natan\u010dno preberete vse pogoje uporabe na\u0161ega spletnega mesta, saj lahko vsebino spletnega mesta uporabljate samo, \u010de se z njimi strinjate. Ob uporabi katerekoli vsebine s tega spletnega mesta se razume, da ste s pogoji seznanjeni in se z njimi strinjate.<\/p>\n<ol start=\"0\">\n<li style=\"list-style-type: none;\">\n<ol start=\"3\">\n<li><strong>OPREDELITVE<\/strong><\/li>\n<\/ol>\n<\/li>\n<\/ol>\n<ol>\n<li>\u00bbSpletno mesto\u00ab ozna\u010duje spletno stran VAZ na naslovu <a href=\"http:\/\/www.vazcollections.si\">www.vazcollections.si<\/a> in vse njene poddomene.<\/li>\n<li>\u00bbGradivo\u00ab ozna\u010duje celoto oziroma del besedila, slike, zvoka, videa ali vsebin na katerem koli drugem mediju. Gradivo je za\u0161\u010diteno avtorsko delo, objavljeno na spletnem mestu, in ni izrecno opredeljeno kot \u00bbgradivo lastnikov predmetov\u00ab.<\/li>\n<li>\u00bbLastnik predmetov\u00ab je ustanova ali posameznik, ki hrani predmete, popisane in sistematizirane v podatkovni bazi VAZ ter predstavljene na spletnem mestu.<\/li>\n<li>\u00bbGradivo lastnikov predmetov\u00ab ozna\u010duje fotografije predmetov, za\u0161\u010ditene z avtorskim pravom in vklju\u010dene v podatkovno bazo.<\/li>\n<li>\u00bbPartnerja projekta VAZ\u00ab sta Slovenski etnografski muzej in Znanstveno-raziskovalno sredi\u0161\u010de Koper.<\/li>\n<\/ol>\n<ol>\n<li style=\"list-style-type: none;\">\n<ol start=\"4\">\n<li><strong>AVTORSKE PRAVICE IN DOVOLJENJA<\/strong><\/li>\n<\/ol>\n<\/li>\n<\/ol>\n<p>Filozofska fakulteta Univerze v Ljubljani ter partnerja projekta VAZ imajo materialne avtorske pravice do portala VAZ ter vseh vsebin, ki so v II. odstavku 3. \u010dlena teh pogojev opredeljene kot gradivo.<span class=\"Apple-converted-space\">\u00a0<\/span><\/p>\n<p>Materialne avtorske pravice do gradiva lastnikov predmetov imajo lastniki predmetov.<span class=\"Apple-converted-space\">\u00a0<\/span><\/p>\n<p>\u017delimo spodbuditi raz\u0161irjanje in uporabo informacij o zbirkah VAZ in strokovnem znanju, ki jih objavljamo na spletnem mestu. V ta namen se lahko gradiva na spletnem mestu citirajo in uporabljajo dobronamerno v skladu z <a href=\"http:\/\/www.pisrs.si\/Pis.web\/pregledPredpisa?id=ZAKO403\">Zakonom o avtorskih in sorodnih pravicah (ZASP)<\/a>.<\/p>\n<p>4.1 <strong>UPORABA GRADIVA<\/strong><\/p>\n<p>Pri uporabi katerega koli gradiva izven spletnega mesta VAZ (v ali na drugih medijih) je treba Vzhodnoazijske zbirke v Sloveniji navesti kot vir, in sicer tako, kot je definirano spodaj:<\/p>\n<p><em>Dostopno na: Vzhodnoazijske zbirke v Sloveniji \u2013 VAZ, <\/em><a href=\"https:\/\/vazcollections.si\/predmeti\/zrcalo\/\"><em>https:\/\/vazcollections.si\/predmeti\/miniaturna-podoba-daritve-prednikom\/<\/em><\/a><em>, 1. 10. 2020.<\/em><\/p>\n<p>4.2 <strong>UPORABA GRADIVA LASTNIKOV PREDMETOV<\/strong><\/p>\n<p>Pri uporabi gradiva lastnikov predmetov (fotografij predmetov) izven spletnega mesta VAZ (v ali na drugih medijih) je potrebno razlikovati med dvema tipoma pravic (1) Pravice pridr\u017eane in (2) CC BY SA 4.0.<\/p>\n<p>Lastnik predmetov je na spletnem mestu ozna\u010den z ikono s krogom na levi ter nazivom lastnika predmeta na desni (glej <a href=\"https:\/\/vazcollections.si\/predmeti\/miniaturna-podoba-daritve-prednikom\/\">primer\u00a0<\/a>Miniaturna podoba daritve prednikom, kjer je lastnik predmeta Pokrajinski muzej Celje).<\/p>\n<p>Tip pravic je na spletnem mestu ozna\u010den s \u00bb\u00a9\u00ab za pridr\u017eane pravice ali s \u00bbCC BY-SA 4.0\u00ab pod naslovno fotografijo vsakega predmeta.<\/p>\n<p>4.2.1 <strong>Pravice pridr\u017eane<\/strong><\/p>\n<p>Gradivo je za\u0161\u010diteno z avtorsko in\/ali sorodnimi pravicami. Uporabnik mora predhodno pridobiti dovoljenje in navodila navajanja vira od lastnika predmeta. Hkrati mora uporabnik navesti Vzhodnoazijske zbirke v Sloveniji, in sicer tako, kot je definirano v to\u010dki 4.1.<\/p>\n<p>4.2.2 <strong>CC BY SA 4.0 &#8211; priznanje avtorstva, deljenje pod istimi pogoji<\/strong><\/p>\n<p>Gradivo je za\u0161\u010diteno z licenco <em>Creative Commons<\/em> <em>Priznanje avtorstva-Deljenje pod enakimi pogoji 4.0 Mednarodna<\/em> (<a href=\"https:\/\/creativecommons.org\/licenses\/by-sa\/4.0\/deed.sl\">CC BY-SA 4.0<\/a>). Ob navedbi Vzhodnoazujskih zbirk kot je definirano v to\u010dki 4.1 je uporabniku dovoljeno:<\/p>\n<ul>\n<li>Deljenje \u2014 kopiranje in raz\u0161irjanje vsebin v kakr\u0161nemkoli mediju in obliki;<\/li>\n<li>Predelovanje \u2014 remixanje, urejanje, predelava in vklju\u010devanje vsebine v lastna dela v vse namene, tudi komercialne.<\/li>\n<\/ul>\n<p>Ve\u010d o uporabi licince na <a href=\"https:\/\/creativecommons.org\/licenses\/by-sa\/4.0\/deed.sl\">tej povezavi<\/a>.<\/p>\n<ol start=\"5\">\n<li style=\"list-style-type: none;\">\n<ol start=\"5\">\n<li><strong>UPORABA PI\u0160KOTKOV<\/strong><\/li>\n<\/ol>\n<\/li>\n<\/ol>\n<p><a href=\"https:\/\/vazcollections.si\/piskotki\/\">Uporaba pi\u0161kotkov<\/a> je dostopna na VAZ<\/p>\n<ol start=\"5\">\n<li style=\"list-style-type: none;\">\n<ol start=\"6\">\n<li><strong>IZJAVA O OMEJENI ODGOVORNOSTI<\/strong><\/li>\n<\/ol>\n<\/li>\n<\/ol>\n<p>Upravljalec spletnega mesta VAZ se bo trudil, da zagotovi najbolj to\u010dne in najnovej\u0161e podatke na teh spletnih straneh, vendar ne prevzema odgovornosti za njihovo to\u010dnost, uporabniki pa objavljeno vsebino uporabljajo na lastno odgovornost. Niti upravljalec niti katera koli druga pravna ali fizi\u010dna oseba, ki je sodelovala pri nastanku in izdelavi teh spletnih strani, zato ne odgovarja za nobeno \u0161kodo, ki bi izhajala iz dostopa do vsebin, uporabe ali nemo\u017enosti uporabe informacij na teh spletnih straneh ali za kakr\u0161ne koli napake ali pomanjkljivosti v njihovi vsebini.<\/p>\n<p>Povezave na spletnem mestu lahko vodijo do zunanjih spletnih strani. Za vsebino zunanjih spletnih strani ne odgovarjamo, ravno tako ne jam\u010dimo za produkte, storitve in informacije, ki so opisane ali jih ponujajo navedene spletne strani.<\/p>\n<p>Spletno mesto vsebuje tudi fotografije posameznih dogodkov. Na dogodkih so bili vsi prisotni obve\u0161\u010deni o fotografiranju in objavi fotografij ter o mo\u017enosti, da se fotografiranja ne udele\u017eijo.<\/p>\n<ol start=\"5\">\n<li style=\"list-style-type: none;\">\n<ol start=\"7\">\n<li><strong>VELJAVNO PRAVO<\/strong><\/li>\n<\/ol>\n<\/li>\n<\/ol>\n<p>Strinjate se, da se dolo\u010dila in pogoji va\u0161e uporabe spletnega mesta urejajo in razlagajo v skladu z zakonodajo Republike Slovenije. Strinjate se, da imajo sodi\u0161\u010da v Republiki Sloveniji izklju\u010dno pristojnost za razre\u0161evanje kakr\u0161nihkoli sporov ali zadev, ki izhajajo iz standardnih pogojev uporabe spletnega mesta.<\/p>\n<ol start=\"5\">\n<li style=\"list-style-type: none;\">\n<ol start=\"8\">\n<li><strong>SPREMEMBE SPLO\u0160NIH POGOJEV<\/strong><\/li>\n<\/ol>\n<\/li>\n<\/ol>\n<p>Upravljalec si pridr\u017euje pravico, da v vsakem trenutku in brez posebnega obvestila, spremeni te splo\u0161ne pogoje uporabe. Spremembe za\u010dnejo veljati in se uporabljati z dnem objave na spletnem mestu VAZ.<\/p>\n<p>V Ljubljani, 2. 10. 2020<span class=\"Apple-converted-space\"> | 14.12. 2020<br \/>\n<\/span><\/p>\n","protected":false},"excerpt":{"rendered":"<p>SPLO\u0160NI POGOJI UPORABE SPLETNEGA MESTA VAZ Splo\u0161ni pogoji uporabe spletnega mesta VAZ so v fazi vzpostavljanja, zato so trenutno objavljeni za\u010dasni pogoji. Upravljalec spletnega mesta VAZ je Oddelek za azijske \u0161tudije na Filozofski fakulteti Univerze v Ljubljani, dosegljiv na info@vazcollections.si.\u00a0 SPLETNO MESTO\u00a0 Ti pogoji uporabe so enotni za uporabo celotnega spletnega mesta. STANDARDNI POGOJI UPORABE &#8230; <\/p>\n","protected":false},"author":1,"featured_media":0,"parent":0,"menu_order":20,"comment_status":"closed","ping_status":"closed","template":"","meta":{"_acf_changed":false,"inline_featured_image":false,"footnotes":""},"class_list":["post-21679","page","type-page","status-publish","hentry"],"acf":[],"yoast_head":"<!-- This site is optimized with the Yoast SEO plugin v27.4 - https:\/\/yoast.com\/product\/yoast-seo-wordpress\/ -->\n<title>Terms and Conditions - Vzhodnoazijske zbirke v Sloveniji<\/title>\n<meta name=\"robots\" content=\"index, follow, max-snippet:-1, max-image-preview:large, max-video-preview:-1\" \/>\n<link rel=\"canonical\" href=\"https:\/\/vazcollections.si\/en\/terms-and-conditions\/\" \/>\n<meta property=\"og:locale\" content=\"en_US\" \/>\n<meta property=\"og:type\" content=\"article\" \/>\n<meta property=\"og:title\" content=\"Terms and Conditions - Vzhodnoazijske zbirke v Sloveniji\" \/>\n<meta property=\"og:description\" content=\"SPLO\u0160NI POGOJI UPORABE SPLETNEGA MESTA VAZ Splo\u0161ni pogoji uporabe spletnega mesta VAZ so v fazi vzpostavljanja, zato so trenutno objavljeni za\u010dasni pogoji. Upravljalec spletnega mesta VAZ je Oddelek za azijske \u0161tudije na Filozofski fakulteti Univerze v Ljubljani, dosegljiv na info@vazcollections.si.\u00a0 SPLETNO MESTO\u00a0 Ti pogoji uporabe so enotni za uporabo celotnega spletnega mesta. STANDARDNI POGOJI UPORABE ...\" \/>\n<meta property=\"og:url\" content=\"https:\/\/vazcollections.si\/en\/terms-and-conditions\/\" \/>\n<meta property=\"og:site_name\" content=\"Vzhodnoazijske zbirke v Sloveniji\" \/>\n<meta property=\"article:modified_time\" content=\"2023-08-24T09:06:04+00:00\" \/>\n<meta name=\"twitter:card\" content=\"summary_large_image\" \/>\n<meta name=\"twitter:label1\" content=\"Est. reading time\" \/>\n\t<meta name=\"twitter:data1\" content=\"4 minutes\" \/>\n<script type=\"application\/ld+json\" class=\"yoast-schema-graph\">{\"@context\":\"https:\\\/\\\/schema.org\",\"@graph\":[{\"@type\":\"WebPage\",\"@id\":\"https:\\\/\\\/vazcollections.si\\\/en\\\/terms-and-conditions\\\/\",\"url\":\"https:\\\/\\\/vazcollections.si\\\/en\\\/terms-and-conditions\\\/\",\"name\":\"Terms and Conditions - Vzhodnoazijske zbirke v Sloveniji\",\"isPartOf\":{\"@id\":\"https:\\\/\\\/vazcollections.si\\\/en\\\/#website\"},\"datePublished\":\"2019-09-12T12:44:21+00:00\",\"dateModified\":\"2023-08-24T09:06:04+00:00\",\"breadcrumb\":{\"@id\":\"https:\\\/\\\/vazcollections.si\\\/en\\\/terms-and-conditions\\\/#breadcrumb\"},\"inLanguage\":\"en-US\",\"potentialAction\":[{\"@type\":\"ReadAction\",\"target\":[\"https:\\\/\\\/vazcollections.si\\\/en\\\/terms-and-conditions\\\/\"]}]},{\"@type\":\"BreadcrumbList\",\"@id\":\"https:\\\/\\\/vazcollections.si\\\/en\\\/terms-and-conditions\\\/#breadcrumb\",\"itemListElement\":[{\"@type\":\"ListItem\",\"position\":1,\"name\":\"Home\",\"item\":\"https:\\\/\\\/vazcollections.si\\\/en\\\/\"},{\"@type\":\"ListItem\",\"position\":2,\"name\":\"Terms and Conditions\"}]},{\"@type\":\"WebSite\",\"@id\":\"https:\\\/\\\/vazcollections.si\\\/en\\\/#website\",\"url\":\"https:\\\/\\\/vazcollections.si\\\/en\\\/\",\"name\":\"Vzhodnoazijske zbirke v Sloveniji\",\"description\":\"vpetost slovenskega prostora v globalno izmenjavo predmetov in idej z Vzhodno Azijo\",\"potentialAction\":[{\"@type\":\"SearchAction\",\"target\":{\"@type\":\"EntryPoint\",\"urlTemplate\":\"https:\\\/\\\/vazcollections.si\\\/en\\\/?s={search_term_string}\"},\"query-input\":{\"@type\":\"PropertyValueSpecification\",\"valueRequired\":true,\"valueName\":\"search_term_string\"}}],\"inLanguage\":\"en-US\"}]}<\/script>\n<!-- \/ Yoast SEO plugin. -->","yoast_head_json":{"title":"Terms and Conditions - Vzhodnoazijske zbirke v Sloveniji","robots":{"index":"index","follow":"follow","max-snippet":"max-snippet:-1","max-image-preview":"max-image-preview:large","max-video-preview":"max-video-preview:-1"},"canonical":"https:\/\/vazcollections.si\/en\/terms-and-conditions\/","og_locale":"en_US","og_type":"article","og_title":"Terms and Conditions - Vzhodnoazijske zbirke v Sloveniji","og_description":"SPLO\u0160NI POGOJI UPORABE SPLETNEGA MESTA VAZ Splo\u0161ni pogoji uporabe spletnega mesta VAZ so v fazi vzpostavljanja, zato so trenutno objavljeni za\u010dasni pogoji. Upravljalec spletnega mesta VAZ je Oddelek za azijske \u0161tudije na Filozofski fakulteti Univerze v Ljubljani, dosegljiv na info@vazcollections.si.\u00a0 SPLETNO MESTO\u00a0 Ti pogoji uporabe so enotni za uporabo celotnega spletnega mesta. STANDARDNI POGOJI UPORABE ...","og_url":"https:\/\/vazcollections.si\/en\/terms-and-conditions\/","og_site_name":"Vzhodnoazijske zbirke v Sloveniji","article_modified_time":"2023-08-24T09:06:04+00:00","twitter_card":"summary_large_image","twitter_misc":{"Est. reading time":"4 minutes"},"schema":{"@context":"https:\/\/schema.org","@graph":[{"@type":"WebPage","@id":"https:\/\/vazcollections.si\/en\/terms-and-conditions\/","url":"https:\/\/vazcollections.si\/en\/terms-and-conditions\/","name":"Terms and Conditions - Vzhodnoazijske zbirke v Sloveniji","isPartOf":{"@id":"https:\/\/vazcollections.si\/en\/#website"},"datePublished":"2019-09-12T12:44:21+00:00","dateModified":"2023-08-24T09:06:04+00:00","breadcrumb":{"@id":"https:\/\/vazcollections.si\/en\/terms-and-conditions\/#breadcrumb"},"inLanguage":"en-US","potentialAction":[{"@type":"ReadAction","target":["https:\/\/vazcollections.si\/en\/terms-and-conditions\/"]}]},{"@type":"BreadcrumbList","@id":"https:\/\/vazcollections.si\/en\/terms-and-conditions\/#breadcrumb","itemListElement":[{"@type":"ListItem","position":1,"name":"Home","item":"https:\/\/vazcollections.si\/en\/"},{"@type":"ListItem","position":2,"name":"Terms and Conditions"}]},{"@type":"WebSite","@id":"https:\/\/vazcollections.si\/en\/#website","url":"https:\/\/vazcollections.si\/en\/","name":"Vzhodnoazijske zbirke v Sloveniji","description":"vpetost slovenskega prostora v globalno izmenjavo predmetov in idej z Vzhodno Azijo","potentialAction":[{"@type":"SearchAction","target":{"@type":"EntryPoint","urlTemplate":"https:\/\/vazcollections.si\/en\/?s={search_term_string}"},"query-input":{"@type":"PropertyValueSpecification","valueRequired":true,"valueName":"search_term_string"}}],"inLanguage":"en-US"}]}},"_links":{"self":[{"href":"https:\/\/vazcollections.si\/en\/wp-json\/wp\/v2\/pages\/21679","targetHints":{"allow":["GET"]}}],"collection":[{"href":"https:\/\/vazcollections.si\/en\/wp-json\/wp\/v2\/pages"}],"about":[{"href":"https:\/\/vazcollections.si\/en\/wp-json\/wp\/v2\/types\/page"}],"author":[{"embeddable":true,"href":"https:\/\/vazcollections.si\/en\/wp-json\/wp\/v2\/users\/1"}],"replies":[{"embeddable":true,"href":"https:\/\/vazcollections.si\/en\/wp-json\/wp\/v2\/comments?post=21679"}],"version-history":[{"count":1,"href":"https:\/\/vazcollections.si\/en\/wp-json\/wp\/v2\/pages\/21679\/revisions"}],"predecessor-version":[{"id":24016,"href":"https:\/\/vazcollections.si\/en\/wp-json\/wp\/v2\/pages\/21679\/revisions\/24016"}],"wp:attachment":[{"href":"https:\/\/vazcollections.si\/en\/wp-json\/wp\/v2\/media?parent=21679"}],"curies":[{"name":"wp","href":"https:\/\/api.w.org\/{rel}","templated":true}]}}