{"id":21673,"date":"2020-11-29T10:34:23","date_gmt":"2020-11-29T09:34:23","guid":{"rendered":"https:\/\/vazcollections.si\/glasba-in-ples-v-vzhodni-aziji\/"},"modified":"2023-08-24T11:05:37","modified_gmt":"2023-08-24T09:05:37","slug":"music-and-dance-in-east-asia","status":"publish","type":"page","link":"https:\/\/vazcollections.si\/en\/galleries\/music-and-dance-in-east-asia\/","title":{"rendered":"Music and dance in East Asia"},"content":{"rendered":"<p>V tem nenavadnem obdobju omejenih medsebojnih stikov nemalokrat pogre\u0161amo kulturne in dru\u017eabne dejavnosti. Te so nam sedaj v fizi\u010dni obliki onemogo\u010dene, \u0161e zlasti glasbene in plesne predstave. Glasba in ples sta bila nepogre\u0161ljiva v dru\u017eabnem, kulturnem in nenazadnje tudi duhovnem \u017eivljenju vseh kultur Vzhodne Azije. Naj je \u0161lo za bogate ceremonije in praznovanja na kitajskem dvoru, \u010dajni obred v premo\u017enej\u0161ih japonskih hi\u0161ah ali pa zgolj za predstave, namenjene zabavi, nikoli ni manjkalo plesa, igre in petja ter ubranih melodij tradicionalnih vzhodnoazijskih glasbil. Glasba, ples in dru\u017eenje so zmogli razbiti monotonost vsakdanjika, razvedriti ljudi in jih odvrniti od skrbi celo v najte\u017ejih \u010dasih.<\/p>\n<p>Galerijo je pripravila: <a href=\"https:\/\/vazcollections.si\/o-nas\/\">Mina Gr\u010dar<\/a>, doktorska \u0161tudentka na Oddelku za azijske \u0161tudije na Filozofski fakulteti Univerze v Ljubljani<\/p>\n<hr \/>\n<p>Za podrobnosti o predmetu kliknite na fotografijo.<\/p>\n","protected":false},"excerpt":{"rendered":"<p>V tem nenavadnem obdobju omejenih medsebojnih stikov nemalokrat pogre\u0161amo kulturne in dru\u017eabne dejavnosti. Te so nam sedaj v fizi\u010dni obliki onemogo\u010dene, \u0161e zlasti glasbene in plesne predstave. Glasba in ples sta bila nepogre\u0161ljiva v dru\u017eabnem, kulturnem in nenazadnje tudi duhovnem \u017eivljenju vseh kultur Vzhodne Azije. Naj je \u0161lo za bogate ceremonije in praznovanja na kitajskem &#8230; <\/p>\n","protected":false},"author":5,"featured_media":0,"parent":21674,"menu_order":1,"comment_status":"closed","ping_status":"closed","template":"","meta":{"_acf_changed":false,"inline_featured_image":false,"footnotes":""},"class_list":["post-21673","page","type-page","status-publish","hentry"],"acf":[],"yoast_head":"<!-- This site is optimized with the Yoast SEO plugin v27.4 - https:\/\/yoast.com\/product\/yoast-seo-wordpress\/ -->\n<title>Music and dance in East Asia - Spletna razstava - Vzhodnoazijske zbirke<\/title>\n<meta name=\"description\" content=\"Glasba in ples sta bila nepogre\u0161ljiva v dru\u017eabnem, kulturnem in nenazadnje tudi duhovnem \u017eivljenju vseh kultur Vzhodne Azije.\" \/>\n<meta name=\"robots\" content=\"index, follow, max-snippet:-1, max-image-preview:large, max-video-preview:-1\" \/>\n<link rel=\"canonical\" href=\"https:\/\/vazcollections.si\/en\/galleries\/music-and-dance-in-east-asia\/\" \/>\n<meta property=\"og:locale\" content=\"en_US\" \/>\n<meta property=\"og:type\" content=\"article\" \/>\n<meta property=\"og:title\" content=\"Music and dance in East Asia - Spletna razstava - Vzhodnoazijske zbirke\" \/>\n<meta property=\"og:description\" content=\"Glasba in ples sta bila nepogre\u0161ljiva v dru\u017eabnem, kulturnem in nenazadnje tudi duhovnem \u017eivljenju vseh kultur Vzhodne Azije.\" \/>\n<meta property=\"og:url\" content=\"https:\/\/vazcollections.si\/en\/galleries\/music-and-dance-in-east-asia\/\" \/>\n<meta property=\"og:site_name\" content=\"Vzhodnoazijske zbirke v Sloveniji\" \/>\n<meta property=\"article:modified_time\" content=\"2023-08-24T09:05:37+00:00\" \/>\n<meta name=\"twitter:card\" content=\"summary_large_image\" \/>\n<meta name=\"twitter:label1\" content=\"Est. reading time\" \/>\n\t<meta name=\"twitter:data1\" content=\"1 minute\" \/>\n<script type=\"application\/ld+json\" class=\"yoast-schema-graph\">{\"@context\":\"https:\\\/\\\/schema.org\",\"@graph\":[{\"@type\":\"WebPage\",\"@id\":\"https:\\\/\\\/vazcollections.si\\\/en\\\/galleries\\\/music-and-dance-in-east-asia\\\/\",\"url\":\"https:\\\/\\\/vazcollections.si\\\/en\\\/galleries\\\/music-and-dance-in-east-asia\\\/\",\"name\":\"Music and dance in East Asia - Spletna razstava - Vzhodnoazijske zbirke\",\"isPartOf\":{\"@id\":\"https:\\\/\\\/vazcollections.si\\\/en\\\/#website\"},\"datePublished\":\"2020-11-29T09:34:23+00:00\",\"dateModified\":\"2023-08-24T09:05:37+00:00\",\"description\":\"Glasba in ples sta bila nepogre\u0161ljiva v dru\u017eabnem, kulturnem in nenazadnje tudi duhovnem \u017eivljenju vseh kultur Vzhodne Azije.\",\"breadcrumb\":{\"@id\":\"https:\\\/\\\/vazcollections.si\\\/en\\\/galleries\\\/music-and-dance-in-east-asia\\\/#breadcrumb\"},\"inLanguage\":\"en-US\",\"potentialAction\":[{\"@type\":\"ReadAction\",\"target\":[\"https:\\\/\\\/vazcollections.si\\\/en\\\/galleries\\\/music-and-dance-in-east-asia\\\/\"]}]},{\"@type\":\"BreadcrumbList\",\"@id\":\"https:\\\/\\\/vazcollections.si\\\/en\\\/galleries\\\/music-and-dance-in-east-asia\\\/#breadcrumb\",\"itemListElement\":[{\"@type\":\"ListItem\",\"position\":1,\"name\":\"Home\",\"item\":\"https:\\\/\\\/vazcollections.si\\\/en\\\/\"},{\"@type\":\"ListItem\",\"position\":2,\"name\":\"Galleries\",\"item\":\"https:\\\/\\\/vazcollections.si\\\/en\\\/galleries\\\/\"},{\"@type\":\"ListItem\",\"position\":3,\"name\":\"Music and dance in East Asia\"}]},{\"@type\":\"WebSite\",\"@id\":\"https:\\\/\\\/vazcollections.si\\\/en\\\/#website\",\"url\":\"https:\\\/\\\/vazcollections.si\\\/en\\\/\",\"name\":\"Vzhodnoazijske zbirke v Sloveniji\",\"description\":\"vpetost slovenskega prostora v globalno izmenjavo predmetov in idej z Vzhodno Azijo\",\"potentialAction\":[{\"@type\":\"SearchAction\",\"target\":{\"@type\":\"EntryPoint\",\"urlTemplate\":\"https:\\\/\\\/vazcollections.si\\\/en\\\/?s={search_term_string}\"},\"query-input\":{\"@type\":\"PropertyValueSpecification\",\"valueRequired\":true,\"valueName\":\"search_term_string\"}}],\"inLanguage\":\"en-US\"}]}<\/script>\n<!-- \/ Yoast SEO plugin. -->","yoast_head_json":{"title":"Music and dance in East Asia - Spletna razstava - Vzhodnoazijske zbirke","description":"Glasba in ples sta bila nepogre\u0161ljiva v dru\u017eabnem, kulturnem in nenazadnje tudi duhovnem \u017eivljenju vseh kultur Vzhodne Azije.","robots":{"index":"index","follow":"follow","max-snippet":"max-snippet:-1","max-image-preview":"max-image-preview:large","max-video-preview":"max-video-preview:-1"},"canonical":"https:\/\/vazcollections.si\/en\/galleries\/music-and-dance-in-east-asia\/","og_locale":"en_US","og_type":"article","og_title":"Music and dance in East Asia - Spletna razstava - Vzhodnoazijske zbirke","og_description":"Glasba in ples sta bila nepogre\u0161ljiva v dru\u017eabnem, kulturnem in nenazadnje tudi duhovnem \u017eivljenju vseh kultur Vzhodne Azije.","og_url":"https:\/\/vazcollections.si\/en\/galleries\/music-and-dance-in-east-asia\/","og_site_name":"Vzhodnoazijske zbirke v Sloveniji","article_modified_time":"2023-08-24T09:05:37+00:00","twitter_card":"summary_large_image","twitter_misc":{"Est. reading time":"1 minute"},"schema":{"@context":"https:\/\/schema.org","@graph":[{"@type":"WebPage","@id":"https:\/\/vazcollections.si\/en\/galleries\/music-and-dance-in-east-asia\/","url":"https:\/\/vazcollections.si\/en\/galleries\/music-and-dance-in-east-asia\/","name":"Music and dance in East Asia - Spletna razstava - Vzhodnoazijske zbirke","isPartOf":{"@id":"https:\/\/vazcollections.si\/en\/#website"},"datePublished":"2020-11-29T09:34:23+00:00","dateModified":"2023-08-24T09:05:37+00:00","description":"Glasba in ples sta bila nepogre\u0161ljiva v dru\u017eabnem, kulturnem in nenazadnje tudi duhovnem \u017eivljenju vseh kultur Vzhodne Azije.","breadcrumb":{"@id":"https:\/\/vazcollections.si\/en\/galleries\/music-and-dance-in-east-asia\/#breadcrumb"},"inLanguage":"en-US","potentialAction":[{"@type":"ReadAction","target":["https:\/\/vazcollections.si\/en\/galleries\/music-and-dance-in-east-asia\/"]}]},{"@type":"BreadcrumbList","@id":"https:\/\/vazcollections.si\/en\/galleries\/music-and-dance-in-east-asia\/#breadcrumb","itemListElement":[{"@type":"ListItem","position":1,"name":"Home","item":"https:\/\/vazcollections.si\/en\/"},{"@type":"ListItem","position":2,"name":"Galleries","item":"https:\/\/vazcollections.si\/en\/galleries\/"},{"@type":"ListItem","position":3,"name":"Music and dance in East Asia"}]},{"@type":"WebSite","@id":"https:\/\/vazcollections.si\/en\/#website","url":"https:\/\/vazcollections.si\/en\/","name":"Vzhodnoazijske zbirke v Sloveniji","description":"vpetost slovenskega prostora v globalno izmenjavo predmetov in idej z Vzhodno Azijo","potentialAction":[{"@type":"SearchAction","target":{"@type":"EntryPoint","urlTemplate":"https:\/\/vazcollections.si\/en\/?s={search_term_string}"},"query-input":{"@type":"PropertyValueSpecification","valueRequired":true,"valueName":"search_term_string"}}],"inLanguage":"en-US"}]}},"_links":{"self":[{"href":"https:\/\/vazcollections.si\/en\/wp-json\/wp\/v2\/pages\/21673","targetHints":{"allow":["GET"]}}],"collection":[{"href":"https:\/\/vazcollections.si\/en\/wp-json\/wp\/v2\/pages"}],"about":[{"href":"https:\/\/vazcollections.si\/en\/wp-json\/wp\/v2\/types\/page"}],"author":[{"embeddable":true,"href":"https:\/\/vazcollections.si\/en\/wp-json\/wp\/v2\/users\/5"}],"replies":[{"embeddable":true,"href":"https:\/\/vazcollections.si\/en\/wp-json\/wp\/v2\/comments?post=21673"}],"version-history":[{"count":1,"href":"https:\/\/vazcollections.si\/en\/wp-json\/wp\/v2\/pages\/21673\/revisions"}],"predecessor-version":[{"id":24015,"href":"https:\/\/vazcollections.si\/en\/wp-json\/wp\/v2\/pages\/21673\/revisions\/24015"}],"up":[{"embeddable":true,"href":"https:\/\/vazcollections.si\/en\/wp-json\/wp\/v2\/pages\/21674"}],"wp:attachment":[{"href":"https:\/\/vazcollections.si\/en\/wp-json\/wp\/v2\/media?parent=21673"}],"curies":[{"name":"wp","href":"https:\/\/api.w.org\/{rel}","templated":true}]}}